{"id":93,"date":"2019-04-16T09:14:40","date_gmt":"2019-04-16T09:14:40","guid":{"rendered":"http:\/\/www.alichemicals.it\/?page_id=93"},"modified":"2019-04-16T09:14:40","modified_gmt":"2019-04-16T09:14:40","slug":"privacy-policy-2","status":"publish","type":"page","link":"https:\/\/www.alichemicals.it\/?page_id=93","title":{"rendered":"Privacy Policy"},"content":{"rendered":"\n<p><h2>POLITICA SULLA PRIVACY<\/h2>\n<p><strong>Titolare del Trattamento dei Dati:<\/strong><br>ALI SpA,<br>via degli Aceri, 7<br>46892, Gualdicciolo (RSM)<br>Tel.: 0549 876811 &#8211; Fax: 0549 999350<br>Cod. Op. Eco. SM00033<br>email info@ali.sm<\/p>\n<p><strong>Consenso al trattamento &#8211; art. 23 e 24 Codice Privacy<\/strong><br>La normativa sulla privacy prevede l&#8217;obbligo di acquisire il previo consenso dell&#8217;interessato per poter trattare i Suoi dati personali.<br>Il consenso deve essere espresso:<br>&#8211; Liberamente;<br>&#8211; In forma specifica;<br>&#8211; Documentato per iscritto.<\/p>\n<p>Il consenso \u00e8 validamente fornito se \u00e8 preceduto da informativa.<br>L&#8217;obbligo di consenso \u00e8 escluso nel caso in cui il trattamento riguardi:<br>&#8211; Dati provenienti da pubblici registri, elenchi, atti o documenti conoscibili da chiunque;<br>&#8211; Dati relativi allo svolgimento di attivit\u00e0 economiche.<\/p>\n<p>La raccolta dei dati pu\u00f2 avvenire:<br>&#8211; Direttamente inserendo informazioni nei nostri form in rete;<br>&#8211; Iscrivendosi alle nostre newsletter o mailing list;<\/p>\n<p>Le informative agli interessati, da noi predisposte, vengono fornite:<br>&#8211; In calce ai nostri form in rete;<br>&#8211; In occasione dell&#8217;iscrizione alle nostre newsletter o mailing list;<br>&#8211; Con invio di un primo messaggio di posta elettronica per i dati raccolti presso terzi, cui potr\u00e0 seguire il consenso dell&#8217;interessato al ricevimento di comunicazioni commerciali, ovvero la richiesta di opposizione e di rimozione dei dati trattati.<\/p>\n<p><strong>La Raccolta dei dati:<br><\/strong>I Dati Personali sono raccolti per le seguenti finalit\u00e0 ed utilizzando i seguenti moduli di contatto<br>L\u2019Utente, compilando con i propri Dati il modulo di contatto, acconsente al loro utilizzo per rispondere alle richieste di informazioni, di preventivo, o di qualunque altra natura indicata dall\u2019intestazione del modulo.<br>L\u2019indirizzo email dell\u2019Utente viene automaticamente inserito in una lista di contatti a cui potranno essere trasmessi messaggi email contenenti informazioni, anche di natura commerciale e promozionale.<br>Dati personali raccolti: CAP, Cognome, Email, Indirizzo, Nazione, Nome, Numero di Telefono, Provincia e Stato.<\/p>\n<p><strong>Modalit\u00e0 di trattamento dei dati<\/strong><br>Il Titolare tratta i Dati Personali degli Utenti adottando le opportune misure di sicurezza volte ad impedire l\u2019accesso, la divulgazione, la modifica o la distruzione non autorizzate dei Dati Personali.<br>Il trattamento viene effettuato mediante strumenti informatici e\/o telematici, con modalit\u00e0 organizzative e con logiche strettamente correlate alle finalit\u00e0 indicate. Oltre al Titolare, in alcuni casi, potrebbero avere accesso ai Dati categorie di incaricati coinvolti nell\u2019organizzazione del sito (personale amministrativo, commerciale, marketing, legali, amministratori di sistema) ovvero soggetti esterni (come fornitori di servizi tecnici terzi, corrieri postali, hosting provider, societ\u00e0 informatiche, agenzie di comunicazione) nominati anche, se necessario, Responsabili del Trattamento da parte del Titolare. L\u2019elenco aggiornato dei Responsabili potr\u00e0 sempre essere richiesto al Titolare del Trattamento.<\/p>\n<p><strong>Luogo<\/strong><br>I Dati sono trattati presso le sedi operative del Titolare ed in ogni altro luogo in cui le parti coinvolte nel trattamento siano localizzate. Per ulteriori informazioni, contatta il Titolare.<\/p>\n<p><strong>Scopo del trattamento<\/strong><br>Le banche dati sono costituite per finalit\u00e0 di informazione commerciale, invio di materiale pubblicitario e di comunicazioni commerciali.<\/p>\n<p><strong>Consenso per l&#8217;invio di E-mail<\/strong><br>L&#8217;art. 130 del nuovo codice sulla Privacy (d. lgs. 196\/2003), prevede l&#8217;obbligo della previa acquisizione del consenso dell&#8217;interessato (sia per l&#8217;attivit\u00e0 rivolta al consumatore finale &#8211; B2C &#8211; sia per quelle alle imprese &#8211; B2B), per inviare messaggi pubblicitari o comunicazioni commerciali utilizzando la posta elettronica.<\/p>\n<p>I destinatari che non volessero continuare a ricevere messaggi promozionali da parte di ALI SpA e propri clienti possono esercitare il diritto di opposizione al trattamento dei dati e al ricevimento di messaggi promozionali a mezzo e-mail, chiedendo la cancellazione delle proprie informazioni scrivendo all\u2019indirizzo info@ali.sm .<\/p>\n<h2>POLITICA SUI COOKIE<\/h2>\n<p><strong>Cosa sono i Cookie?<\/strong><br>I cookie sono file di testo inviati al browser e salvati sul computer quando si visitano siti internet. I cookie sono utilizzati per far funzionare i siti web in maniera pi\u00f9 efficiente, per migliorarne le prestazioni, fornire informazioni ai proprietari del sito.<\/p>\n<p><strong>Cookie che potrebbero essere usati sul nostro sito<\/strong><br><strong>Cookie tecnici:<\/strong> non richiedono un preventivo consenso da parte dell\u2019utente per il loro utilizzo poich\u00e9 assolvono a esigenze tecniche di funzionamento.<br><strong>Cookie di navigazione o sessione:<\/strong> strettamente necessari per il corretto funzionamento del sito.<br><strong>Cookie analytics:<\/strong> consentono di comprendere come il sito viene utilizzato dagli utenti, le infomazioni sono trattate in forma aggregata e anonima.<br><strong>Cookie persistenti e di sessione:<\/strong> quelli di sessione non vengono memorizzati in modo permanente sul Suo computer e svaniscono con la chiusura del browser. Quelli persistenti servono per personalizzare la navigazione in funzione dello strumento utilizzato dall\u2019utente (computer, tablet, smartphone) cos\u00ec come i cookies di terze parti che servono per analizzare gli accessi del sito e per permettere agli utenti di condividere i contenuti del sito attraverso social network (FB) o e-mail (Add This). Questi cookies, vengono memorizzati in modo permanente sul computer e hanno una durata variabile.<\/p>\n<p><strong>Il nostro sito utilizza Google Analytics di Google, Inc.<\/strong>, un servizio offre statistiche di misurazione ed analisi delle performance del sito, tramite l\u2019uso di Cookie.<br>Per consultare l\u2019informativa privacy del servizio Google Analytics, visiti la pagina <a href=\"http:\/\/www.google.com\/intl\/en\/analytics\/privacyoverview.html\">http:\/\/www.google.com\/intl\/en\/analytics\/privacyoverview.html<\/a> .<br>Per le norme sulla privacy di Google, segnaliamo il seguente indirizzo <a href=\"http:\/\/www.google.com\/intl\/it\/privacy\/privacy-policy.html\">http:\/\/www.google.com\/intl\/it\/privacy\/privacy-policy.html<\/a> )<\/p>\n<p><strong>Cookie di terze parti:<\/strong> si precisa che tali soggetti terzi, di seguito elencati con i relativi collegamenti alle politiche sulla privacy, sono autonomi titolari del trattamento dei dati raccolti attraverso i cookie da essi serviti; pertanto, l\u2019utente deve rifarsi alle loro politiche di trattamento di dati personali, informative e moduli di consenso (selezione e de-selezione dei rispettivi cookie) di seguito indicati (come precisato nel Prov. Gen. Individuazione delle modalit\u00e0 semplificate per l\u2019informativa e l\u2019acquisizione del consenso per l\u2019uso dei cookie \u2013 8 maggio 2014).<\/p>\n<p><strong>Sul nostro sito potrebbero essere inoltre presenti i seguenti cookie:<\/strong><br>Facebook: <a href=\"https:\/\/www.facebook.com\/help\/cookies\/\">https:\/\/www.facebook.com\/help\/cookies\/<\/a><br>Twitter: <a href=\"https:\/\/support.twitter.com\/articles\/20170519-uso-dei-cookie-e-di-altre-tecnologie-simili-da-parte-di-twitter\">https:\/\/support.twitter.com\/articles\/20170519-uso-dei-cookie-e-di-altre-tecnologie-simili-da-parte-di-twitter<\/a><br>Google+: <a href=\"http:\/\/www.google.it\/intl\/it\/policies\/technologies\/cookies\/\">http:\/\/www.google.it\/intl\/it\/policies\/technologies\/cookies\/<\/a><br>YouTube: <a href=\"http:\/\/www.google.com\/policies\/privacy\/\">http:\/\/www.google.com\/policies\/privacy\/<\/a><br>Pinterest: <a href=\"https:\/\/about.pinterest.com\/it\/privacy-policy\">https:\/\/about.pinterest.com\/it\/privacy-policy<\/a><br>Instagram: <a href=\"https:\/\/instagram.com\/legal\/cookies\/\">https:\/\/instagram.com\/legal\/cookies\/<\/a><\/p>\n<p><strong>Istruzioni per la disabilitazione dei cookies<\/strong><br>L\u2019utente pu\u00f2 opporsi alla registrazione di cookies persistenti sul Suo hard disk configurando il browser di navigazione in modo da disabilitare i cookies. Scopri come disabilitare i cookie nei principali browser:<br>Chrome (<a href=\"https:\/\/support.google.com\/accounts\/answer\/61416?hl=it\">https:\/\/support.google.com\/accounts\/answer\/61416?hl=it<\/a>),<br>Firefox (<a href=\"https:\/\/support.mozilla.org\/en-US\/kb\/enable-and-disable-cookies-website-preferences\">https:\/\/support.mozilla.org\/en-US\/kb\/enable-and-disable-cookies-website-preferences<\/a>),<br>Internet Explorer (<a href=\"http:\/\/windows.microsoft.com\/it-it\/windows-vista\/block-or-allow-cookies\">http:\/\/windows.microsoft.com\/it-it\/windows-vista\/block-or-allow-cookies<\/a>),<br>Safari (<a href=\"https:\/\/support.apple.com\/kb\/PH5042?locale=en_US\">https:\/\/support.apple.com\/kb\/PH5042?locale=en_US<\/a>),<br>Opera (<a href=\"http:\/\/www.opera.com\/help\/tutorials\/security\/privacy\/\">http:\/\/www.opera.com\/help\/tutorials\/security\/privacy\/<\/a>).<br>Si avvisa tuttavia, che in seguito a questa operazione, alcune funzioni delle pagine web potrebbero non essere eseguite correttamente<\/p>\n<p><strong>In qualsiasi momento l&#8217;interessato pu\u00f2 richiedere, ai sensi dell&#8217;articolo 7 del codice privacy:<\/strong><br>&#8211; Origine dei propri dati;<br>&#8211; Informazioni su finalit\u00e0 e modalit\u00e0 del trattamento;<br>&#8211; Rimozione dei propri dati dalla lista dei clienti ALI SpA;<br>&#8211; Rimozione dei propri dati dalla banca dati di ALI SpA.<\/p>\n\n\n<i>\n<p> <h2> PRIVACY POLICY <\/h2>\n<p> <strong> Data Controller: <\/strong> <br> ALI SpA, <br> via degli Aceri, 7 <br> 46892, Gualdicciolo (RSM) <br> Tel .: 0549 876811 &#8211; Fax: 0549 999350 <br> Cod. Op. Eco. SM00033 <br> email info@ali.sm <\/p>\n<p> <strong> Consent to treatment &#8211; art. 23 and 24 Privacy Code <\/strong> <br> The privacy legislation provides for the obligation to acquire the prior consent of the interested party in order to process your personal data. <br> The consent must be expressed: <br> &#8211; Freely ; <br> &#8211; Specifically: <br> &#8211; Documented in writing. <\/p>\n<p> The consent is validly provided if it is preceded by information. <br> The obligation of consent is excluded in the case in which the treatment concerns: <br> &#8211; Data coming from public registers, lists, deeds or documents available to anyone ; <br> &#8211; Data relating to the performance of economic activities. <\/p>\n<p> Data collection can take place: <br> &#8211; Directly entering information into our online forms; <br> &#8211; Signing up for our newsletters or mailing lists; <\/p>\n<p> The information provided to interested parties, prepared by us, is provided: <br> &#8211; At the bottom of our online forms; <br> &#8211; When you subscribe to our newsletters or mailing lists; <br> &#8211; By sending a first e-mail message for data collected from third parties, which may be followed by the data subject&#8217;s consent to the receipt of commercial communications, or the request to oppose and remove the data processed. <\/p>\n<p> <strong> Data Collection: <br> <\/strong> Personal Data is collected for the following purposes and using the following contact forms <br> The User, filling in the contact form with his \/ her Data , consents to their use to respond to requests for information, quotations, or any other nature indicated by the form header. <br> The User&#8217;s email address is automatically inserted in a list of contacts to which they can be transmitted email messages containing information, including commercial and promotional. <br> Personal data collected: ZIP code, last name, email address, address, country, name, telephone number, province and state. <\/p>\n<p> <strong> Methods of data processing <\/strong> <br> The Data Controller processes Users&#8217; Personal Data by taking appropriate security measures to prevent unauthorized access, disclosure, modification or destruction of Personal Data. The processing is carried out using IT and \/ or telematic tools, with organizational methods and logic strictly related to the purposes indicated. In addition to the Owner, in some cases, categories of appointees involved in the organization of the site (administrative, commercial, marketing, legal, system administrators) or external parties (such as third party technical service providers, mail carriers, hosting providers, IT companies, communication agencies) also appointed, if necessary, Data Processors by the Owner. The updated list of data processors may always be requested from the Data Controller. <\/p>\n<p> <strong> Place <\/strong> <br> The Data is processed at the Data Controller&#8217;s operating offices and in any other place where the parties involved in the processing are located. For more information, contact the owner. <\/p>\n<p> <strong> Purpose of the processing <\/strong> <br> The databases are set up for the purpose of commercial information, sending of advertising material and commercial communications. <\/p>\n<p> <strong> Consent for sending E-mail <\/strong> <br> The art. 130 of the new Privacy Code (Legislative Decree 196\/2003), provides for the obligation of the prior acquisition of the data subject&#8217;s consent (both for the activity aimed at the final consumer &#8211; B2C &#8211; and for those for businesses &#8211; B2B), to send advertising messages or commercial communications using e-mail. <\/p>\n<p> Recipients who do not wish to continue to receive promotional messages from ALI SpA and their customers can exercise the right to object to the processing of data and receipt of promotional messages by e-mail, requesting the deletion of their information by writing at info@ali.sm. <\/p>\n<\/i>\n","protected":false},"excerpt":{"rendered":"<p>POLITICA SULLA PRIVACY Titolare del Trattamento dei Dati:ALI SpA,via degli Aceri, 746892, Gualdicciolo (RSM)Tel.: 0549 876811 &#8211; Fax: 0549 999350Cod. Op. Eco. SM00033email info@ali.sm Consenso al trattamento &#8211; art. 23 e 24 Codice PrivacyLa normativa sulla privacy prevede l&#8217;obbligo di acquisire il previo consenso dell&#8217;interessato per poter trattare i Suoi dati personali.Il consenso deve essere [&hellip;]<\/p>\n","protected":false},"author":2,"featured_media":0,"parent":0,"menu_order":0,"comment_status":"closed","ping_status":"closed","template":"","meta":{"footnotes":""},"class_list":["post-93","page","type-page","status-publish","hentry"],"yoast_head":"<!-- This site is optimized with the Yoast SEO plugin v27.2 - https:\/\/yoast.com\/product\/yoast-seo-wordpress\/ -->\n<title>Privacy Policy - ALI Chemicals<\/title>\n<meta name=\"robots\" content=\"index, follow, max-snippet:-1, max-image-preview:large, max-video-preview:-1\" \/>\n<link rel=\"canonical\" href=\"https:\/\/www.alichemicals.it\/?page_id=93\" \/>\n<meta property=\"og:locale\" content=\"it_IT\" \/>\n<meta property=\"og:type\" content=\"article\" \/>\n<meta property=\"og:title\" content=\"Privacy Policy - ALI Chemicals\" \/>\n<meta property=\"og:description\" content=\"POLITICA SULLA PRIVACY Titolare del Trattamento dei Dati:ALI SpA,via degli Aceri, 746892, Gualdicciolo (RSM)Tel.: 0549 876811 &#8211; Fax: 0549 999350Cod. Op. Eco. SM00033email info@ali.sm Consenso al trattamento &#8211; art. 23 e 24 Codice PrivacyLa normativa sulla privacy prevede l&#8217;obbligo di acquisire il previo consenso dell&#8217;interessato per poter trattare i Suoi dati personali.Il consenso deve essere [&hellip;]\" \/>\n<meta property=\"og:url\" content=\"https:\/\/www.alichemicals.it\/?page_id=93\" \/>\n<meta property=\"og:site_name\" content=\"ALI Chemicals\" \/>\n<meta name=\"twitter:card\" content=\"summary_large_image\" \/>\n<meta name=\"twitter:label1\" content=\"Tempo di lettura stimato\" \/>\n\t<meta name=\"twitter:data1\" content=\"8 minuti\" \/>\n<script type=\"application\/ld+json\" class=\"yoast-schema-graph\">{\"@context\":\"https:\/\/schema.org\",\"@graph\":[{\"@type\":\"WebPage\",\"@id\":\"https:\/\/www.alichemicals.it\/?page_id=93\",\"url\":\"https:\/\/www.alichemicals.it\/?page_id=93\",\"name\":\"Privacy Policy - ALI Chemicals\",\"isPartOf\":{\"@id\":\"https:\/\/www.alichemicals.it\/#website\"},\"datePublished\":\"2019-04-16T09:14:40+00:00\",\"breadcrumb\":{\"@id\":\"https:\/\/www.alichemicals.it\/?page_id=93#breadcrumb\"},\"inLanguage\":\"it-IT\",\"potentialAction\":[{\"@type\":\"ReadAction\",\"target\":[\"https:\/\/www.alichemicals.it\/?page_id=93\"]}]},{\"@type\":\"BreadcrumbList\",\"@id\":\"https:\/\/www.alichemicals.it\/?page_id=93#breadcrumb\",\"itemListElement\":[{\"@type\":\"ListItem\",\"position\":1,\"name\":\"Home\",\"item\":\"https:\/\/www.alichemicals.it\/\"},{\"@type\":\"ListItem\",\"position\":2,\"name\":\"Privacy Policy\"}]},{\"@type\":\"WebSite\",\"@id\":\"https:\/\/www.alichemicals.it\/#website\",\"url\":\"https:\/\/www.alichemicals.it\/\",\"name\":\"ALI Chemicals\",\"description\":\"COMPONENTI PER LA POSA DEL PARQUET, COMPONENTI PER L\u2019APPLICAZIONE DEL PARQUET, PRODOTTI PER PULIZIA E MANUTENZIONE DEL PARQUET, PRODOTTI PER PULIZIA E MANUTENZIONE DECKING, COMPONENTI PER LA POSA DI LVT, ADESIVO PER PRATO\",\"publisher\":{\"@id\":\"https:\/\/www.alichemicals.it\/#organization\"},\"potentialAction\":[{\"@type\":\"SearchAction\",\"target\":{\"@type\":\"EntryPoint\",\"urlTemplate\":\"https:\/\/www.alichemicals.it\/?s={search_term_string}\"},\"query-input\":{\"@type\":\"PropertyValueSpecification\",\"valueRequired\":true,\"valueName\":\"search_term_string\"}}],\"inLanguage\":\"it-IT\"},{\"@type\":\"Organization\",\"@id\":\"https:\/\/www.alichemicals.it\/#organization\",\"name\":\"ALI Chemicals\",\"url\":\"https:\/\/www.alichemicals.it\/\",\"logo\":{\"@type\":\"ImageObject\",\"inLanguage\":\"it-IT\",\"@id\":\"https:\/\/www.alichemicals.it\/#\/schema\/logo\/image\/\",\"url\":\"https:\/\/www.alichemicals.it\/wp-content\/uploads\/2019\/02\/cropped-logo-Ali_Chemicals_ok.png\",\"contentUrl\":\"https:\/\/www.alichemicals.it\/wp-content\/uploads\/2019\/02\/cropped-logo-Ali_Chemicals_ok.png\",\"width\":500,\"height\":250,\"caption\":\"ALI Chemicals\"},\"image\":{\"@id\":\"https:\/\/www.alichemicals.it\/#\/schema\/logo\/image\/\"}}]}<\/script>\n<!-- \/ Yoast SEO plugin. -->","yoast_head_json":{"title":"Privacy Policy - ALI Chemicals","robots":{"index":"index","follow":"follow","max-snippet":"max-snippet:-1","max-image-preview":"max-image-preview:large","max-video-preview":"max-video-preview:-1"},"canonical":"https:\/\/www.alichemicals.it\/?page_id=93","og_locale":"it_IT","og_type":"article","og_title":"Privacy Policy - ALI Chemicals","og_description":"POLITICA SULLA PRIVACY Titolare del Trattamento dei Dati:ALI SpA,via degli Aceri, 746892, Gualdicciolo (RSM)Tel.: 0549 876811 &#8211; Fax: 0549 999350Cod. Op. Eco. SM00033email info@ali.sm Consenso al trattamento &#8211; art. 23 e 24 Codice PrivacyLa normativa sulla privacy prevede l&#8217;obbligo di acquisire il previo consenso dell&#8217;interessato per poter trattare i Suoi dati personali.Il consenso deve essere [&hellip;]","og_url":"https:\/\/www.alichemicals.it\/?page_id=93","og_site_name":"ALI Chemicals","twitter_card":"summary_large_image","twitter_misc":{"Tempo di lettura stimato":"8 minuti"},"schema":{"@context":"https:\/\/schema.org","@graph":[{"@type":"WebPage","@id":"https:\/\/www.alichemicals.it\/?page_id=93","url":"https:\/\/www.alichemicals.it\/?page_id=93","name":"Privacy Policy - ALI Chemicals","isPartOf":{"@id":"https:\/\/www.alichemicals.it\/#website"},"datePublished":"2019-04-16T09:14:40+00:00","breadcrumb":{"@id":"https:\/\/www.alichemicals.it\/?page_id=93#breadcrumb"},"inLanguage":"it-IT","potentialAction":[{"@type":"ReadAction","target":["https:\/\/www.alichemicals.it\/?page_id=93"]}]},{"@type":"BreadcrumbList","@id":"https:\/\/www.alichemicals.it\/?page_id=93#breadcrumb","itemListElement":[{"@type":"ListItem","position":1,"name":"Home","item":"https:\/\/www.alichemicals.it\/"},{"@type":"ListItem","position":2,"name":"Privacy Policy"}]},{"@type":"WebSite","@id":"https:\/\/www.alichemicals.it\/#website","url":"https:\/\/www.alichemicals.it\/","name":"ALI Chemicals","description":"COMPONENTI PER LA POSA DEL PARQUET, COMPONENTI PER L\u2019APPLICAZIONE DEL PARQUET, PRODOTTI PER PULIZIA E MANUTENZIONE DEL PARQUET, PRODOTTI PER PULIZIA E MANUTENZIONE DECKING, COMPONENTI PER LA POSA DI LVT, ADESIVO PER PRATO","publisher":{"@id":"https:\/\/www.alichemicals.it\/#organization"},"potentialAction":[{"@type":"SearchAction","target":{"@type":"EntryPoint","urlTemplate":"https:\/\/www.alichemicals.it\/?s={search_term_string}"},"query-input":{"@type":"PropertyValueSpecification","valueRequired":true,"valueName":"search_term_string"}}],"inLanguage":"it-IT"},{"@type":"Organization","@id":"https:\/\/www.alichemicals.it\/#organization","name":"ALI Chemicals","url":"https:\/\/www.alichemicals.it\/","logo":{"@type":"ImageObject","inLanguage":"it-IT","@id":"https:\/\/www.alichemicals.it\/#\/schema\/logo\/image\/","url":"https:\/\/www.alichemicals.it\/wp-content\/uploads\/2019\/02\/cropped-logo-Ali_Chemicals_ok.png","contentUrl":"https:\/\/www.alichemicals.it\/wp-content\/uploads\/2019\/02\/cropped-logo-Ali_Chemicals_ok.png","width":500,"height":250,"caption":"ALI Chemicals"},"image":{"@id":"https:\/\/www.alichemicals.it\/#\/schema\/logo\/image\/"}}]}},"_links":{"self":[{"href":"https:\/\/www.alichemicals.it\/index.php?rest_route=\/wp\/v2\/pages\/93","targetHints":{"allow":["GET"]}}],"collection":[{"href":"https:\/\/www.alichemicals.it\/index.php?rest_route=\/wp\/v2\/pages"}],"about":[{"href":"https:\/\/www.alichemicals.it\/index.php?rest_route=\/wp\/v2\/types\/page"}],"author":[{"embeddable":true,"href":"https:\/\/www.alichemicals.it\/index.php?rest_route=\/wp\/v2\/users\/2"}],"replies":[{"embeddable":true,"href":"https:\/\/www.alichemicals.it\/index.php?rest_route=%2Fwp%2Fv2%2Fcomments&post=93"}],"version-history":[{"count":0,"href":"https:\/\/www.alichemicals.it\/index.php?rest_route=\/wp\/v2\/pages\/93\/revisions"}],"wp:attachment":[{"href":"https:\/\/www.alichemicals.it\/index.php?rest_route=%2Fwp%2Fv2%2Fmedia&parent=93"}],"curies":[{"name":"wp","href":"https:\/\/api.w.org\/{rel}","templated":true}]}}